{"id":3550,"date":"2024-05-26T02:56:08","date_gmt":"2024-05-26T00:56:08","guid":{"rendered":"https:\/\/siltatur.com\/?page_id=3550"},"modified":"2026-03-07T16:30:50","modified_gmt":"2026-03-07T15:30:50","slug":"aviso-legal","status":"publish","type":"page","link":"https:\/\/siltatur.com\/en\/aviso-legal\/","title":{"rendered":"Legal Notice"},"content":{"rendered":"\t\t<div data-elementor-type=\"wp-page\" data-elementor-id=\"3550\" class=\"elementor elementor-3550\" data-elementor-post-type=\"page\">\n\t\t\t\t<div class=\"elementor-element elementor-element-778c107 e-flex e-con-boxed e-con e-parent\" data-id=\"778c107\" data-element_type=\"container\" data-e-type=\"container\" data-settings=\"{&quot;background_background&quot;:&quot;classic&quot;,&quot;jet_parallax_layout_list&quot;:[{&quot;jet_parallax_layout_image&quot;:{&quot;url&quot;:&quot;&quot;,&quot;id&quot;:&quot;&quot;,&quot;size&quot;:&quot;&quot;},&quot;_id&quot;:&quot;d103933&quot;,&quot;jet_parallax_layout_speed&quot;:{&quot;unit&quot;:&quot;%&quot;,&quot;size&quot;:50,&quot;sizes&quot;:[]},&quot;jet_parallax_layout_image_tablet&quot;:{&quot;url&quot;:&quot;&quot;,&quot;id&quot;:&quot;&quot;,&quot;size&quot;:&quot;&quot;},&quot;jet_parallax_layout_image_mobile&quot;:{&quot;url&quot;:&quot;&quot;,&quot;id&quot;:&quot;&quot;,&quot;size&quot;:&quot;&quot;},&quot;jet_parallax_layout_type&quot;:&quot;scroll&quot;,&quot;jet_parallax_layout_direction&quot;:null,&quot;jet_parallax_layout_fx_direction&quot;:null,&quot;jet_parallax_layout_z_index&quot;:&quot;&quot;,&quot;jet_parallax_layout_bg_x&quot;:50,&quot;jet_parallax_layout_bg_x_tablet&quot;:&quot;&quot;,&quot;jet_parallax_layout_bg_x_mobile&quot;:&quot;&quot;,&quot;jet_parallax_layout_bg_y&quot;:50,&quot;jet_parallax_layout_bg_y_tablet&quot;:&quot;&quot;,&quot;jet_parallax_layout_bg_y_mobile&quot;:&quot;&quot;,&quot;jet_parallax_layout_bg_size&quot;:&quot;auto&quot;,&quot;jet_parallax_layout_bg_size_tablet&quot;:&quot;&quot;,&quot;jet_parallax_layout_bg_size_mobile&quot;:&quot;&quot;,&quot;jet_parallax_layout_animation_prop&quot;:&quot;transform&quot;,&quot;jet_parallax_layout_on&quot;:[&quot;desktop&quot;,&quot;tablet&quot;]}],&quot;shape_divider_bottom&quot;:&quot;curve&quot;,&quot;shape_divider_bottom_negative&quot;:&quot;yes&quot;,&quot;animation_mobile&quot;:&quot;none&quot;}\">\n\t\t\t\t\t<div class=\"e-con-inner\">\n\t\t\t\t<div class=\"elementor-shape elementor-shape-bottom\" aria-hidden=\"true\" data-negative=\"true\">\n\t\t\t<svg xmlns=\"http:\/\/www.w3.org\/2000\/svg\" viewBox=\"0 0 1000 100\" preserveAspectRatio=\"none\">\n\t<path class=\"elementor-shape-fill\" d=\"M500,97C126.7,96.3,0.8,19.8,0,0v100l1000,0V1C1000,19.4,873.3,97.8,500,97z\"\/>\n<\/svg>\t\t<\/div>\n\t\t\t\t<div class=\"elementor-element elementor-element-5da664f elementor-widget elementor-widget-heading\" data-id=\"5da664f\" data-element_type=\"widget\" data-e-type=\"widget\" data-settings=\"{&quot;_animation_mobile&quot;:&quot;none&quot;}\" data-widget_type=\"heading.default\">\n\t\t\t\t\t<h1 class=\"elementor-heading-title elementor-size-default\">Aviso Legal<\/h1>\t\t\t\t<\/div>\n\t\t\t\t\t<\/div>\n\t\t\t\t<\/div>\n\t\t<div class=\"elementor-element elementor-element-c92e39e e-flex e-con-boxed e-con e-parent\" data-id=\"c92e39e\" data-element_type=\"container\" data-e-type=\"container\" data-settings=\"{&quot;jet_parallax_layout_list&quot;:[]}\">\n\t\t\t\t\t<div class=\"e-con-inner\">\n\t\t\t\t<div class=\"elementor-element elementor-element-ea061d6 elementor-widget elementor-widget-text-editor\" data-id=\"ea061d6\" data-element_type=\"widget\" data-e-type=\"widget\" data-settings=\"{&quot;_animation&quot;:&quot;none&quot;,&quot;_animation_delay&quot;:450}\" data-widget_type=\"text-editor.default\">\n\t\t\t\t\t\t\t\t\t<div><p>Mediante la presente Pol\u00edtica de Privacidad pretendo mostrar mi compromiso respecto al cumplimiento de las normativas y legislaciones que se deriva del tratamiento de la informaci\u00f3n necesaria para la prestaci\u00f3n de mis servicios, y del uso de las Tecnolog\u00edas de la Informaci\u00f3n y la Comunicaci\u00f3n.<\/p><\/div><div><p>En particular, manifiesto mi compromiso respecto al cumplimiento de las normativas orientadas a la protecci\u00f3n de datos de car\u00e1cter personal. En este sentido, he adecuado esta web a las exigencias de la Ley Org\u00e1nica 15\/1999, de 13 de diciembre, de Protecci\u00f3n de Datos de Car\u00e1cter Personal (LOPD), y al Real Decreto 1720\/2007, de 21 de diciembre, conocido como el Reglamento de desarrollo de la LOPD. Cumple tambi\u00e9n con el Reglamento (UE) 2016\/679 del Parlamento Europeo y del Consejo de 27 de abril de 2016 relativo a la protecci\u00f3n de las personas f\u00edsicas (RGPD), as\u00ed como con la Ley 34\/2002, de 11 de julio, de Servicios de la Sociedad de la Informaci\u00f3n y Comercio Electr\u00f3nico (LSSICE o LSSI)<\/p><\/div><div><b>DATOS IDENTIFICATIVOS DEL RESPONSABLE DEL TRATAMIENTO DE TUS DATOS PERSONALES<\/b><\/div><div><p>Identidad del Responsable: Silvina Gabriela Tano <br \/>Nombre comercial: SilTaTur<br \/>NIF\/CIF: X-2801327-L<br \/>Correo electr\u00f3nico: <a style=\"background-color: #ffffff;\" href=\"mailto:siltatur@gmail.com\" target=\"_blank\" rel=\"noopener\">siltatur@gmail.com<\/a><\/p><\/div><div><p>A efectos de lo previsto en el Reglamento General de Protecci\u00f3n de Datos anteriormente citado, los datos personales que me env\u00edes a trav\u00e9s de los formularios de la web, recibir\u00e1n el tratamiento de datos de \u201cUsuarios de la web\u201d.<\/p><\/div><div>Para el tratamiento de datos de los usuarios de la web, he implementado todas las medidas t\u00e9cnicas y organizativas de seguridad establecidas en la legislaci\u00f3n vigente.Es preciso advertir que esta Pol\u00edtica de Privacidad podr\u00eda variar en funci\u00f3n de exigencias legislativas o de autorregulaci\u00f3n, por lo que se aconseja a los usuarios que la visiten peri\u00f3dicamente. Ser\u00e1 aplicable en caso de que los usuarios decidan rellenar alg\u00fan formulario de cualquiera de sus formularios de contacto donde se recaben datos de car\u00e1cter personal.<\/div><div>\u00a0<\/div><div>\u00a0<\/div><div><b>\u00bfDONDE ESTA ALOJADA ESTA WEB?<br \/><\/b><\/div><div>Hosting: Hostinger UAB, compa\u00f1\u00eda de responsabilidad limitada privada, organizada bajo las leyes de la Rep\u00fablica de Lituania, c\u00f3digo 302710386, direcci\u00f3n legal en \u0160vitrigailos str. 34, LT-03230 Vilnius, la Rep\u00fablica de Lituania.<\/div>\t\t\t\t\t\t\t\t<\/div>\n\t\t\t\t\t<\/div>\n\t\t\t\t<\/div>\n\t\t\t\t<\/div>\n\t\t","protected":false},"excerpt":{"rendered":"<p>Aviso Legal Mediante la presente Pol\u00edtica de Privacidad pretendo mostrar mi compromiso respecto al cumplimiento de las normativas y legislaciones que se deriva del tratamiento de la informaci\u00f3n necesaria para la prestaci\u00f3n de mis servicios, y del uso de las Tecnolog\u00edas de la Informaci\u00f3n y la Comunicaci\u00f3n. En particular, manifiesto mi compromiso respecto al cumplimiento [&hellip;]<\/p>\n","protected":false},"author":1,"featured_media":0,"parent":0,"menu_order":0,"comment_status":"closed","ping_status":"closed","template":"","meta":{"_joinchat":[],"footnotes":""},"class_list":["post-3550","page","type-page","status-publish","hentry"],"yoast_head":"<!-- This site is optimized with the Yoast SEO plugin v27.5 - https:\/\/yoast.com\/product\/yoast-seo-wordpress\/ -->\n<title>Aviso Legal - SilTaTur<\/title>\n<meta name=\"robots\" content=\"index, follow, max-snippet:-1, max-image-preview:large, max-video-preview:-1\" \/>\n<link rel=\"canonical\" href=\"https:\/\/siltatur.com\/en\/aviso-legal\/\" \/>\n<meta property=\"og:locale\" content=\"en_GB\" \/>\n<meta property=\"og:type\" content=\"article\" \/>\n<meta property=\"og:title\" content=\"Aviso Legal - SilTaTur\" \/>\n<meta property=\"og:description\" content=\"Aviso Legal Mediante la presente Pol\u00edtica de Privacidad pretendo mostrar mi compromiso respecto al cumplimiento de las normativas y legislaciones que se deriva del tratamiento de la informaci\u00f3n necesaria para la prestaci\u00f3n de mis servicios, y del uso de las Tecnolog\u00edas de la Informaci\u00f3n y la Comunicaci\u00f3n. En particular, manifiesto mi compromiso respecto al cumplimiento [&hellip;]\" \/>\n<meta property=\"og:url\" content=\"https:\/\/siltatur.com\/en\/aviso-legal\/\" \/>\n<meta property=\"og:site_name\" content=\"SilTaTur\" \/>\n<meta property=\"article:modified_time\" content=\"2026-03-07T15:30:50+00:00\" \/>\n<meta name=\"twitter:card\" content=\"summary_large_image\" \/>\n<meta name=\"twitter:label1\" content=\"Estimated reading time\" \/>\n\t<meta name=\"twitter:data1\" content=\"2 minutes\" \/>\n<script type=\"application\/ld+json\" class=\"yoast-schema-graph\">{\"@context\":\"https:\\\/\\\/schema.org\",\"@graph\":[{\"@type\":\"WebPage\",\"@id\":\"https:\\\/\\\/siltatur.com\\\/aviso-legal\\\/\",\"url\":\"https:\\\/\\\/siltatur.com\\\/aviso-legal\\\/\",\"name\":\"Aviso Legal - SilTaTur\",\"isPartOf\":{\"@id\":\"https:\\\/\\\/siltatur.com\\\/#website\"},\"datePublished\":\"2024-05-26T00:56:08+00:00\",\"dateModified\":\"2026-03-07T15:30:50+00:00\",\"breadcrumb\":{\"@id\":\"https:\\\/\\\/siltatur.com\\\/aviso-legal\\\/#breadcrumb\"},\"inLanguage\":\"en-GB\",\"potentialAction\":[{\"@type\":\"ReadAction\",\"target\":[\"https:\\\/\\\/siltatur.com\\\/aviso-legal\\\/\"]}]},{\"@type\":\"BreadcrumbList\",\"@id\":\"https:\\\/\\\/siltatur.com\\\/aviso-legal\\\/#breadcrumb\",\"itemListElement\":[{\"@type\":\"ListItem\",\"position\":1,\"name\":\"Portada\",\"item\":\"https:\\\/\\\/siltatur.com\\\/\"},{\"@type\":\"ListItem\",\"position\":2,\"name\":\"Aviso Legal\"}]},{\"@type\":\"WebSite\",\"@id\":\"https:\\\/\\\/siltatur.com\\\/#website\",\"url\":\"https:\\\/\\\/siltatur.com\\\/\",\"name\":\"SilTaTur\",\"description\":\"Experta en el sector Tur\u00edstico-Hotelero\",\"publisher\":{\"@id\":\"https:\\\/\\\/siltatur.com\\\/#\\\/schema\\\/person\\\/fa685a65c52d76a6bbbaf64b79028084\"},\"potentialAction\":[{\"@type\":\"SearchAction\",\"target\":{\"@type\":\"EntryPoint\",\"urlTemplate\":\"https:\\\/\\\/siltatur.com\\\/?s={search_term_string}\"},\"query-input\":{\"@type\":\"PropertyValueSpecification\",\"valueRequired\":true,\"valueName\":\"search_term_string\"}}],\"inLanguage\":\"en-GB\"},{\"@type\":[\"Person\",\"Organization\"],\"@id\":\"https:\\\/\\\/siltatur.com\\\/#\\\/schema\\\/person\\\/fa685a65c52d76a6bbbaf64b79028084\",\"name\":\"Silvina Tano\",\"image\":{\"@type\":\"ImageObject\",\"inLanguage\":\"en-GB\",\"@id\":\"https:\\\/\\\/siltatur.com\\\/wp-content\\\/uploads\\\/2024\\\/05\\\/LogoSilTaTurWEB-01.svg\",\"url\":\"https:\\\/\\\/siltatur.com\\\/wp-content\\\/uploads\\\/2024\\\/05\\\/LogoSilTaTurWEB-01.svg\",\"contentUrl\":\"https:\\\/\\\/siltatur.com\\\/wp-content\\\/uploads\\\/2024\\\/05\\\/LogoSilTaTurWEB-01.svg\",\"width\":406.4,\"height\":111.4,\"caption\":\"Silvina Tano\"},\"logo\":{\"@id\":\"https:\\\/\\\/siltatur.com\\\/wp-content\\\/uploads\\\/2024\\\/05\\\/LogoSilTaTurWEB-01.svg\"}}]}<\/script>\n<!-- \/ Yoast SEO plugin. -->","yoast_head_json":{"title":"Aviso Legal - SilTaTur","robots":{"index":"index","follow":"follow","max-snippet":"max-snippet:-1","max-image-preview":"max-image-preview:large","max-video-preview":"max-video-preview:-1"},"canonical":"https:\/\/siltatur.com\/en\/aviso-legal\/","og_locale":"en_GB","og_type":"article","og_title":"Aviso Legal - SilTaTur","og_description":"Aviso Legal Mediante la presente Pol\u00edtica de Privacidad pretendo mostrar mi compromiso respecto al cumplimiento de las normativas y legislaciones que se deriva del tratamiento de la informaci\u00f3n necesaria para la prestaci\u00f3n de mis servicios, y del uso de las Tecnolog\u00edas de la Informaci\u00f3n y la Comunicaci\u00f3n. En particular, manifiesto mi compromiso respecto al cumplimiento [&hellip;]","og_url":"https:\/\/siltatur.com\/en\/aviso-legal\/","og_site_name":"SilTaTur","article_modified_time":"2026-03-07T15:30:50+00:00","twitter_card":"summary_large_image","twitter_misc":{"Estimated reading time":"2 minutes"},"schema":{"@context":"https:\/\/schema.org","@graph":[{"@type":"WebPage","@id":"https:\/\/siltatur.com\/aviso-legal\/","url":"https:\/\/siltatur.com\/aviso-legal\/","name":"Aviso Legal - SilTaTur","isPartOf":{"@id":"https:\/\/siltatur.com\/#website"},"datePublished":"2024-05-26T00:56:08+00:00","dateModified":"2026-03-07T15:30:50+00:00","breadcrumb":{"@id":"https:\/\/siltatur.com\/aviso-legal\/#breadcrumb"},"inLanguage":"en-GB","potentialAction":[{"@type":"ReadAction","target":["https:\/\/siltatur.com\/aviso-legal\/"]}]},{"@type":"BreadcrumbList","@id":"https:\/\/siltatur.com\/aviso-legal\/#breadcrumb","itemListElement":[{"@type":"ListItem","position":1,"name":"Portada","item":"https:\/\/siltatur.com\/"},{"@type":"ListItem","position":2,"name":"Aviso Legal"}]},{"@type":"WebSite","@id":"https:\/\/siltatur.com\/#website","url":"https:\/\/siltatur.com\/","name":"SilTaTur","description":"An expert in the sector Tourist-Hotel","publisher":{"@id":"https:\/\/siltatur.com\/#\/schema\/person\/fa685a65c52d76a6bbbaf64b79028084"},"potentialAction":[{"@type":"SearchAction","target":{"@type":"EntryPoint","urlTemplate":"https:\/\/siltatur.com\/?s={search_term_string}"},"query-input":{"@type":"PropertyValueSpecification","valueRequired":true,"valueName":"search_term_string"}}],"inLanguage":"en-GB"},{"@type":["Person","Organization"],"@id":"https:\/\/siltatur.com\/#\/schema\/person\/fa685a65c52d76a6bbbaf64b79028084","name":"Silvina Tano","image":{"@type":"ImageObject","inLanguage":"en-GB","@id":"https:\/\/siltatur.com\/wp-content\/uploads\/2024\/05\/LogoSilTaTurWEB-01.svg","url":"https:\/\/siltatur.com\/wp-content\/uploads\/2024\/05\/LogoSilTaTurWEB-01.svg","contentUrl":"https:\/\/siltatur.com\/wp-content\/uploads\/2024\/05\/LogoSilTaTurWEB-01.svg","width":406.4,"height":111.4,"caption":"Silvina Tano"},"logo":{"@id":"https:\/\/siltatur.com\/wp-content\/uploads\/2024\/05\/LogoSilTaTurWEB-01.svg"}}]}},"_links":{"self":[{"href":"https:\/\/siltatur.com\/en\/wp-json\/wp\/v2\/pages\/3550","targetHints":{"allow":["GET"]}}],"collection":[{"href":"https:\/\/siltatur.com\/en\/wp-json\/wp\/v2\/pages"}],"about":[{"href":"https:\/\/siltatur.com\/en\/wp-json\/wp\/v2\/types\/page"}],"author":[{"embeddable":true,"href":"https:\/\/siltatur.com\/en\/wp-json\/wp\/v2\/users\/1"}],"replies":[{"embeddable":true,"href":"https:\/\/siltatur.com\/en\/wp-json\/wp\/v2\/comments?post=3550"}],"version-history":[{"count":62,"href":"https:\/\/siltatur.com\/en\/wp-json\/wp\/v2\/pages\/3550\/revisions"}],"predecessor-version":[{"id":5102,"href":"https:\/\/siltatur.com\/en\/wp-json\/wp\/v2\/pages\/3550\/revisions\/5102"}],"wp:attachment":[{"href":"https:\/\/siltatur.com\/en\/wp-json\/wp\/v2\/media?parent=3550"}],"curies":[{"name":"wp","href":"https:\/\/api.w.org\/{rel}","templated":true}]}}